{"id":1811,"date":"2022-12-13T04:41:41","date_gmt":"2022-12-13T04:41:41","guid":{"rendered":"https:\/\/autobiler.com\/index.php\/about\/"},"modified":"2023-05-16T21:26:49","modified_gmt":"2023-05-16T21:26:49","slug":"about","status":"publish","type":"page","link":"https:\/\/autobiler.com\/index.php\/about\/","title":{"rendered":"About"},"content":{"rendered":"\n<div class=\"wp-block-uagb-container uag-blocks-common-selector uagb-block-0889b273 alignfull uagb-is-root-container\"><div class=\"uagb-container-inner-blocks-wrap\">\n<div class=\"wp-block-uagb-container uagb-block-a31f69cb\">\n<div class=\"wp-block-uagb-advanced-heading uagb-block-c7875e63\"><h6 class=\"uagb-heading-text\">Om os<\/h6><\/div>\n\n\n\n<div class=\"wp-block-columns is-layout-flex wp-container-2\">\n<div class=\"wp-block-column is-layout-flow\" style=\"flex-basis:100%\">\n<div class=\"wp-block-uagb-info-box uagb-block-1f4639b6 uagb-infobox__content-wrap  uagb-infobox-icon-above-title uagb-infobox-image-valign-top\"><div class=\"uagb-ifb-content\"><div class=\"uagb-ifb-title-wrap\"><h1 class=\"uagb-ifb-title\"><strong>Serviceret kunder i 15+ \u00e5r<\/strong><\/h1><\/div><div class=\"uagb-ifb-separator\"><\/div><p class=\"uagb-ifb-desc\"><strong>\u00d8velse g\u00f8r mester og efter 15+ \u00e5r i <\/strong><br><strong>branchen kan du v\u00e6re sikker p\u00e5 du <\/strong><br><strong>f\u00e5r et resultat du kan v\u00e6re tilfreds med.<\/strong><\/p><\/div><\/div>\n<\/div>\n<\/div>\n<\/div>\n<\/div><\/div>\n\n\n\n<div class=\"wp-block-uagb-container uagb-block-ebb9f87f alignfull uagb-is-root-container\"><div class=\"uagb-container-inner-blocks-wrap\">\n<div class=\"wp-block-uagb-container uagb-block-2c2c66ac\">\n<div class=\"wp-block-uagb-container uagb-block-ac8b6624\">\n<div class=\"wp-block-uagb-container uagb-block-9bc9d271\">\n<div class=\"wp-block-uagb-info-box uagb-block-a61b9e70 uagb-infobox__content-wrap  uagb-infobox-icon-above-title uagb-infobox-image-valign-top\"><div class=\"uagb-ifb-content\"><div class=\"uagb-ifb-title-wrap\"><h2 class=\"uagb-ifb-title\">Hvorfor v\u00e6lge os?<\/h2><\/div><div class=\"uagb-ifb-separator\"><\/div><p class=\"uagb-ifb-desc\">Med vores service kan du v\u00e6re sikker p\u00e5 en endnu bedre k\u00f8reoplevelse end da du kom ind i v\u00e6rkstedet, uanset hvad du skal f\u00e5 lavet.<\/p><\/div><\/div>\n<\/div>\n<\/div>\n\n\n\n<div class=\"wp-block-uagb-container uagb-block-0c6080d5 alignfull uagb-is-root-container\"><div class=\"uagb-container-inner-blocks-wrap\">\n<div class=\"wp-block-uagb-container uagb-block-97383980\">\n<div class=\"wp-block-uagb-info-box uagb-block-0731b209 uagb-infobox__content-wrap  uagb-infobox-icon-above-title uagb-infobox-image-valign-top\"><div class=\"uagb-ifb-content\"><div class=\"uagb-ifb-image-content\"><img decoding=\"async\" src=\"https:\/\/autobiler.com\/wp-content\/uploads\/2021\/03\/rotor.png\" alt=\"\" width=\"19\" height=\"19\" loading=\"lazy\"\/><\/div><div class=\"uagb-ifb-title-wrap\"><h5 class=\"uagb-ifb-title\">Erfaring<\/h5><\/div><p class=\"uagb-ifb-desc\">Alle vores mekanikere er yderst kvalificeret til det job de bliver sat for og klar p\u00e5 alle udfordringer der kommer deres vej da de elsker deres erhverv.<\/p><\/div><\/div>\n<\/div>\n\n\n\n<div class=\"wp-block-uagb-container uagb-block-d70ca6ef\">\n<div class=\"wp-block-uagb-info-box uagb-block-f9a3f913 uagb-infobox__content-wrap  uagb-infobox-icon-above-title uagb-infobox-image-valign-top\"><div class=\"uagb-ifb-content\"><div class=\"uagb-ifb-image-content\"><img decoding=\"async\" src=\"https:\/\/autobiler.com\/wp-content\/uploads\/2021\/03\/shocks.png\" alt=\"\" width=\"19\" height=\"19\" loading=\"lazy\"\/><\/div><div class=\"uagb-ifb-title-wrap\"><h5 class=\"uagb-ifb-title\">Gode priser<\/h5><\/div><p class=\"uagb-ifb-desc\">Da vi er en af de lokale har vi ogs\u00e5 lokale lave priser som g\u00f8r at du kan f\u00e5 lavet din bil til en lav pris uden det g\u00e5r udover den service der bliver tilbudt.<\/p><\/div><\/div>\n<\/div>\n<\/div><\/div>\n\n\n\n<div class=\"wp-block-uagb-container uagb-block-665cdf45 alignfull uagb-is-root-container\"><div class=\"uagb-container-inner-blocks-wrap\">\n<div class=\"wp-block-uagb-container uagb-block-4b2e2452\">\n<div class=\"wp-block-uagb-info-box uagb-block-02cad15c uagb-infobox__content-wrap  uagb-infobox-icon-above-title uagb-infobox-image-valign-top\"><div class=\"uagb-ifb-content\"><div class=\"uagb-ifb-image-content\"><img decoding=\"async\" src=\"https:\/\/autobiler.com\/wp-content\/uploads\/2021\/03\/rotor.png\" alt=\"\" width=\"19\" height=\"19\" loading=\"lazy\"\/><\/div><div class=\"uagb-ifb-title-wrap\"><h5 class=\"uagb-ifb-title\">Garanteret service<\/h5><\/div><p class=\"uagb-ifb-desc\">Vi s\u00f8rger for at de mekanikere vi har er fuldst\u00e6ndig op til den standard vi str\u00e6ber da efter bilen er en af vores vigtigste redskaber i dagligdagen.<\/p><\/div><\/div>\n<\/div>\n\n\n\n<div class=\"wp-block-uagb-container uagb-block-b64d11b0\">\n<div class=\"wp-block-uagb-info-box uagb-block-f0cd95bf uagb-infobox__content-wrap  uagb-infobox-icon-above-title uagb-infobox-image-valign-top\"><div class=\"uagb-ifb-content\"><div class=\"uagb-ifb-image-content\"><img decoding=\"async\" src=\"https:\/\/autobiler.com\/wp-content\/uploads\/2021\/03\/tyre.svg\" alt=\"\" width=\"19\" height=\"19\" loading=\"lazy\"\/><\/div><div class=\"uagb-ifb-title-wrap\"><h5 class=\"uagb-ifb-title\">Trov\u00e6rdigt arbejde<\/h5><\/div><p class=\"uagb-ifb-desc\">Vi forst\u00e5r at ens bil er en stor del af ens hverdag og at man derfor gerne vil have den i gode h\u00e6nder. Derfor t\u00e6nker vi p\u00e5 bilen som den er vores egen.<\/p><\/div><\/div>\n<\/div>\n\n\n\n<div class=\"wp-block-uagb-container uagb-block-e3cd11e5\">\n<div class=\"wp-block-uagb-info-box uagb-block-b91a21f5 uagb-infobox__content-wrap  uagb-infobox-icon-above-title uagb-infobox-image-valign-top\"><div class=\"uagb-ifb-content\"><div class=\"uagb-ifb-image-content\"><img decoding=\"async\" src=\"https:\/\/autobiler.com\/wp-content\/uploads\/2021\/03\/ac-repairs.png\" alt=\"\" width=\"19\" height=\"19\" loading=\"lazy\"\/><\/div><div class=\"uagb-ifb-title-wrap\"><h5 class=\"uagb-ifb-title\">H\u00f8j Kvalitet\u200b<\/h5><\/div><p class=\"uagb-ifb-desc\">Efter din bil har v\u00e6ret i vores v\u00e6rksted skal bilen kunne k\u00f8re i langt tid uden problemer. Det er meget vigtigt for os, da vi \u00f8nsker vores kunder en stor k\u00f8regl\u00e6de.<\/p><\/div><\/div>\n<\/div>\n<\/div><\/div>\n<\/div>\n<\/div><\/div>\n","protected":false},"excerpt":{"rendered":"<p>Om os<\/p>\n","protected":false},"author":1,"featured_media":0,"parent":0,"menu_order":0,"comment_status":"closed","ping_status":"closed","template":"","meta":{"_uag_custom_page_level_css":"","site-sidebar-layout":"default","site-content-layout":"page-builder","ast-global-header-display":"","ast-main-header-display":"","ast-hfb-above-header-display":"","ast-hfb-below-header-display":"","ast-hfb-mobile-header-display":"","site-post-title":"disabled","ast-breadcrumbs-content":"","ast-featured-img":"","footer-sml-layout":"","theme-transparent-header-meta":"enabled","adv-header-id-meta":"","stick-header-meta":"","header-above-stick-meta":"","header-main-stick-meta":"","header-below-stick-meta":""},"uagb_featured_image_src":{"full":false,"thumbnail":false,"medium":false,"medium_large":false,"large":false,"1536x1536":false,"2048x2048":false},"uagb_author_info":{"display_name":"alexanderbrusgaard","author_link":"https:\/\/autobiler.com\/index.php\/author\/alexanderbrusgaard\/"},"uagb_comment_info":0,"uagb_excerpt":"Om os","_links":{"self":[{"href":"https:\/\/autobiler.com\/index.php\/wp-json\/wp\/v2\/pages\/1811"}],"collection":[{"href":"https:\/\/autobiler.com\/index.php\/wp-json\/wp\/v2\/pages"}],"about":[{"href":"https:\/\/autobiler.com\/index.php\/wp-json\/wp\/v2\/types\/page"}],"author":[{"embeddable":true,"href":"https:\/\/autobiler.com\/index.php\/wp-json\/wp\/v2\/users\/1"}],"replies":[{"embeddable":true,"href":"https:\/\/autobiler.com\/index.php\/wp-json\/wp\/v2\/comments?post=1811"}],"version-history":[{"count":25,"href":"https:\/\/autobiler.com\/index.php\/wp-json\/wp\/v2\/pages\/1811\/revisions"}],"predecessor-version":[{"id":2483,"href":"https:\/\/autobiler.com\/index.php\/wp-json\/wp\/v2\/pages\/1811\/revisions\/2483"}],"wp:attachment":[{"href":"https:\/\/autobiler.com\/index.php\/wp-json\/wp\/v2\/media?parent=1811"}],"curies":[{"name":"wp","href":"https:\/\/api.w.org\/{rel}","templated":true}]}}